{"id":511,"date":"2017-01-19T09:00:41","date_gmt":"2017-01-19T09:00:41","guid":{"rendered":"http:\/\/eva.temashdesign.com\/fashion\/?page_id=511"},"modified":"2021-08-30T12:07:33","modified_gmt":"2021-08-30T10:07:33","slug":"mentions","status":"publish","type":"page","link":"https:\/\/ruellette.fr\/index.php\/mentions\/","title":{"rendered":"Mentions l\u00e9gales"},"content":{"rendered":"<p>[vc_row][vc_column][vc_column_text]<\/p>\n<h2 class=\"content-comp-headline field-headline\">INFORMATIONS SUR LA SOCI\u00c9T\u00c9<\/h2>\n<p>SARL : Hubert LEVESQUE<\/p>\n<p>FORME JURIDIQUE : Responsabilit\u00e9 \u00e0 responsabilit\u00e9 limit\u00e9<\/p>\n<p>Capital social : 204 000,00\u20ac<\/p>\n<p>Adresse du si\u00e8ge : Commeny 95450 Vigny<\/p>\n<p>Nom commercial : La Ferme de la Ruellette<\/p>\n<p>Immatriculation au RCS : 323 859 124 R.C.S Pontoise<\/p>\n<p>Date immatriculation : 11\/03\/1982<\/p>\n<h2>HEBERGEMENT DU SITE :<\/h2>\n<p>OVH \/\u00a0SAS au capital de 10 069 020 \u20ac<br \/>\nRCS Lille M\u00e9tropole 424 761 419 00045<br \/>\nCode APE 2620Z<br \/>\nN\u00b0 TVA : FR 22 424 761 419<br \/>\nSi\u00e8ge social : 2 rue Kellermann &#8211; 59100 Roubaix &#8211; France<\/p>\n<h2>EDITEUR DU SITE :<\/h2>\n<p>Conseils Advance<\/p>\n<p>SASU Soci\u00e9t\u00e9 par actions simplifi\u00e9e \u00e0 associ\u00e9 unique<\/p>\n<p>Siret :\u00a0<span class=\"copyNumber__copy\">75078751700028<\/span><\/p>\n<p><span class=\"copyNumber__copy\">TVA : FR59750787517<\/span><\/p>\n<p>RCS : Pontoise B 750\u00a0787\u00a0517<\/p>\n<p><span class=\"ft-bold\">Siege : ALL DES GROS SAULES 95180 MENUCOURT<\/span>[\/vc_column_text][\/vc_column][\/vc_row][vc_row][vc_column][vc_separator color=\u00a0\u00bbcustom\u00a0\u00bb accent_color=\u00a0\u00bbrgba(10,10,10,0.05)\u00a0\u00bb][\/vc_column][\/vc_row][vc_row][vc_column][vc_column_text]<\/p>\n<h2 class=\"shortcode_title title_1444957631 secondary_font vc_custom_1446818020374\">Validit\u00e9 des offres<\/h2>\n<p>Les informations sur la disponibilit\u00e9 des produits sur le site Internet sont actualis\u00e9es en permanence.<br \/>\nNos offres de produits et nos prix sont valables tant qu\u2019ils sont visibles sur le site.<br \/>\nSans qu\u2019une annonce pr\u00e9alable ne soit n\u00e9cessaire, Ruellette se r\u00e9serve le droit de modifier, ajouter ou supprimer les informations contenues dans son site.<\/p>\n<h2 class=\"content-comp-headline field-headline\">PROPRI\u00c9T\u00c9 INTELLECTUELLE<\/h2>\n<p>Tous les composants visuels ou sonores (texte, image, illustration, photographie, animations, musique\u2026) du site internet Ruellette sont prot\u00e9g\u00e9s par des droits de propri\u00e9t\u00e9 intellectuelle.<br \/>\nToute reproduction, totale ou partielle, des donn\u00e9es pr\u00e9sentes sur le site Internet, en particulier par utilisation des textes, extraits ou repr\u00e9sentations graphiques, sur quelque support que ce soit, est interdite et toute contrefa\u00e7on est sanctionn\u00e9e par le Code de la Propri\u00e9t\u00e9 Intellectuelle.<br \/>\nPar cons\u00e9quent, l\u2019utilisateur qui se connecte au site s\u2019interdit de copier ou t\u00e9l\u00e9charger tout ou partie des donn\u00e9es et \u00e9l\u00e9ments pr\u00e9sents sur le site Internet.<\/p>\n<h2 class=\"content-comp-headline field-headline\">LIMITE DE RESPONSABILIT\u00c9<\/h2>\n<p>Ruellette fait ses meilleurs efforts pour v\u00e9rifier l\u2019exactitude des informations contenues sur son site Internet.<\/p>\n<p>Ruellette ne peut \u00eatre tenu responsable du contenu des sites auxquels l\u2019utilisateur pourrait acc\u00e9der \u00e0 partir de liens hypertextes pr\u00e9sents sur le site Ruellette.<\/p>\n<p>Ruellette ne saurait \u00eatre tenu responsable de tout dommage direct ou indirect r\u00e9sultant de l\u2019acc\u00e8s \u00e0 son site (intrusion ext\u00e9rieure, pr\u00e9sence de virus informatique\u2026) ou, au contraire, de l\u2019impossibilit\u00e9 d\u2019y acc\u00e9der (rupture de service\u2026).<\/p>\n<p>&nbsp;<\/p>\n<p>Photos non-contractuelles[\/vc_column_text][\/vc_column][\/vc_row][vc_row][vc_column][vc_separator color=\u00a0\u00bbcustom\u00a0\u00bb accent_color=\u00a0\u00bbrgba(10,10,10,0.05)\u00a0\u00bb][\/vc_column][\/vc_row][vc_row][vc_column][vc_column_text][\/vc_column_text][\/vc_column][\/vc_row]<\/p>\n","protected":false},"excerpt":{"rendered":"<p>[vc_row][vc_column][vc_column_text] INFORMATIONS SUR LA SOCI\u00c9T\u00c9 SARL : Hubert LEVESQUE FORME JURIDIQUE : Responsabilit\u00e9 \u00e0 responsabilit\u00e9 limit\u00e9 Capital social : 204 000,00\u20ac Adresse du si\u00e8ge : Commeny 95450 Vigny Nom commercial : La Ferme de la Ruellette Immatriculation au RCS : 323 859 124 R.C.S Pontoise Date immatriculation : 11\/03\/1982 HEBERGEMENT DU SITE : OVH \/\u00a0SAS [&hellip;]<\/p>\n","protected":false},"author":1,"featured_media":0,"parent":0,"menu_order":0,"comment_status":"closed","ping_status":"closed","template":"page-narrow.php","meta":{"_acf_changed":false,"footnotes":""},"class_list":["post-511","page","type-page","status-publish","hentry"],"acf":[],"_links":{"self":[{"href":"https:\/\/ruellette.fr\/index.php\/wp-json\/wp\/v2\/pages\/511","targetHints":{"allow":["GET"]}}],"collection":[{"href":"https:\/\/ruellette.fr\/index.php\/wp-json\/wp\/v2\/pages"}],"about":[{"href":"https:\/\/ruellette.fr\/index.php\/wp-json\/wp\/v2\/types\/page"}],"author":[{"embeddable":true,"href":"https:\/\/ruellette.fr\/index.php\/wp-json\/wp\/v2\/users\/1"}],"replies":[{"embeddable":true,"href":"https:\/\/ruellette.fr\/index.php\/wp-json\/wp\/v2\/comments?post=511"}],"version-history":[{"count":3,"href":"https:\/\/ruellette.fr\/index.php\/wp-json\/wp\/v2\/pages\/511\/revisions"}],"predecessor-version":[{"id":1270,"href":"https:\/\/ruellette.fr\/index.php\/wp-json\/wp\/v2\/pages\/511\/revisions\/1270"}],"wp:attachment":[{"href":"https:\/\/ruellette.fr\/index.php\/wp-json\/wp\/v2\/media?parent=511"}],"curies":[{"name":"wp","href":"https:\/\/api.w.org\/{rel}","templated":true}]}}